{"id":188,"date":"2020-11-22T23:05:35","date_gmt":"2020-11-22T22:05:35","guid":{"rendered":"https:\/\/www.skand-rock.com\/shop\/produit\/mug-bulle-3-resilience-2\/"},"modified":"2020-11-22T23:08:01","modified_gmt":"2020-11-22T22:08:01","slug":"mug-bulle-3-resilience","status":"publish","type":"product","link":"https:\/\/www.skand-rock.com\/shop\/produit\/mug-bulle-3-resilience\/","title":{"rendered":"Mug &#8211; Bulle #3 &#8211; RESILIENCE"},"content":{"rendered":"<p>Tout au long de la journ\u00e9e, pensez \u00e0 faire une pause avec cette tasse issue de la Collection \u00ab\u00a0Bulles &#8211; Prendre le Temps\u00a0\u00bb : cr\u00e9ations originales Musiques &amp; Images by SKAND.<\/p>\n<p><em><strong>RESILIENCE<\/strong> : Capacit\u00e9 \u00e0 se reconstruire apr\u00e8s un choc traumatique.<\/em><br \/>\n<em>Et vous, en cas de temp\u00eate, pr\u00e9f\u00e9rez-vous \u00eatre Ch\u00eane ou Roseau ?<\/em><\/p>\n<p>\u2022 C\u00e9ramique<br \/>\n\u2022 Capacit\u00e9 : 325 ml<br \/>\n\u2022 Passe au lave-vaisselle et au micro-ondes<\/p>\n<p><iframe loading=\"lazy\" src=\"https:\/\/www.youtube.com\/embed\/9aI3TT_YPr4\" width=\"560\" height=\"315\" frameborder=\"0\" allowfullscreen=\"allowfullscreen\"><\/iframe><\/p>\n","protected":false},"excerpt":{"rendered":"<p>Un mug avec votre Bulle pr\u00e9f\u00e9r\u00e9e pour PRENDRE LE TEMPS&#8230;<\/p>\n<p><i class=\"fas fa-check txt-success\"><\/i> Livraison moyenne sous 4 \u00e0 8 jours<br \/>\n<i class=\"fas fa-check txt-success\"><\/i> Paiement s\u00e9curis\u00e9 par CB ou Paypal<\/p>\n","protected":false},"featured_media":189,"template":"","meta":[],"product_brand":[],"product_cat":[17],"product_tag":[],"class_list":{"0":"post-188","1":"product","2":"type-product","3":"status-publish","4":"has-post-thumbnail","6":"product_cat-accessoires","8":"first","9":"instock","10":"shipping-taxable","11":"purchasable","12":"product-type-simple"},"yoast_head":"<!-- This site is optimized with the Yoast SEO plugin v27.5 - https:\/\/yoast.com\/product\/yoast-seo-wordpress\/ -->\n<title>Mug - Bulle #3 - RESILIENCE - SKAND SHOP<\/title>\n<meta name=\"robots\" content=\"index, follow, max-snippet:-1, max-image-preview:large, max-video-preview:-1\" \/>\n<link rel=\"canonical\" href=\"https:\/\/www.skand-rock.com\/shop\/produit\/mug-bulle-3-resilience\/\" \/>\n<meta property=\"og:locale\" content=\"fr_FR\" \/>\n<meta property=\"og:type\" content=\"article\" \/>\n<meta property=\"og:title\" content=\"Mug - Bulle #3 - RESILIENCE - SKAND SHOP\" \/>\n<meta property=\"og:description\" content=\"Un mug avec votre Bulle pr\u00e9f\u00e9r\u00e9e pour PRENDRE LE TEMPS...   Livraison moyenne sous 4 \u00e0 8 jours  Paiement s\u00e9curis\u00e9 par CB ou Paypal\" \/>\n<meta property=\"og:url\" content=\"https:\/\/www.skand-rock.com\/shop\/produit\/mug-bulle-3-resilience\/\" \/>\n<meta property=\"og:site_name\" content=\"SKAND SHOP\" \/>\n<meta property=\"article:modified_time\" content=\"2020-11-22T22:08:01+00:00\" \/>\n<meta property=\"og:image\" content=\"https:\/\/www.skand-rock.com\/shop\/wp-content\/uploads\/2020\/11\/mockup-1d99745c.jpg\" \/>\n\t<meta property=\"og:image:width\" content=\"1000\" \/>\n\t<meta property=\"og:image:height\" content=\"1000\" \/>\n\t<meta property=\"og:image:type\" content=\"image\/jpeg\" \/>\n<meta name=\"twitter:card\" content=\"summary_large_image\" \/>\n<script type=\"application\/ld+json\" class=\"yoast-schema-graph\">{\"@context\":\"https:\\\/\\\/schema.org\",\"@graph\":[{\"@type\":\"WebPage\",\"@id\":\"https:\\\/\\\/www.skand-rock.com\\\/shop\\\/produit\\\/mug-bulle-3-resilience\\\/\",\"url\":\"https:\\\/\\\/www.skand-rock.com\\\/shop\\\/produit\\\/mug-bulle-3-resilience\\\/\",\"name\":\"Mug - Bulle #3 - RESILIENCE - SKAND SHOP\",\"isPartOf\":{\"@id\":\"https:\\\/\\\/www.skand-rock.com\\\/shop\\\/#website\"},\"primaryImageOfPage\":{\"@id\":\"https:\\\/\\\/www.skand-rock.com\\\/shop\\\/produit\\\/mug-bulle-3-resilience\\\/#primaryimage\"},\"image\":{\"@id\":\"https:\\\/\\\/www.skand-rock.com\\\/shop\\\/produit\\\/mug-bulle-3-resilience\\\/#primaryimage\"},\"thumbnailUrl\":\"https:\\\/\\\/www.skand-rock.com\\\/shop\\\/wp-content\\\/uploads\\\/2020\\\/11\\\/mockup-1d99745c.jpg\",\"datePublished\":\"2020-11-22T22:05:35+00:00\",\"dateModified\":\"2020-11-22T22:08:01+00:00\",\"breadcrumb\":{\"@id\":\"https:\\\/\\\/www.skand-rock.com\\\/shop\\\/produit\\\/mug-bulle-3-resilience\\\/#breadcrumb\"},\"inLanguage\":\"fr-FR\",\"potentialAction\":[{\"@type\":\"ReadAction\",\"target\":[\"https:\\\/\\\/www.skand-rock.com\\\/shop\\\/produit\\\/mug-bulle-3-resilience\\\/\"]}]},{\"@type\":\"ImageObject\",\"inLanguage\":\"fr-FR\",\"@id\":\"https:\\\/\\\/www.skand-rock.com\\\/shop\\\/produit\\\/mug-bulle-3-resilience\\\/#primaryimage\",\"url\":\"https:\\\/\\\/www.skand-rock.com\\\/shop\\\/wp-content\\\/uploads\\\/2020\\\/11\\\/mockup-1d99745c.jpg\",\"contentUrl\":\"https:\\\/\\\/www.skand-rock.com\\\/shop\\\/wp-content\\\/uploads\\\/2020\\\/11\\\/mockup-1d99745c.jpg\",\"width\":1000,\"height\":1000},{\"@type\":\"BreadcrumbList\",\"@id\":\"https:\\\/\\\/www.skand-rock.com\\\/shop\\\/produit\\\/mug-bulle-3-resilience\\\/#breadcrumb\",\"itemListElement\":[{\"@type\":\"ListItem\",\"position\":1,\"name\":\"Accueil\",\"item\":\"https:\\\/\\\/www.skand-rock.com\\\/shop\\\/\"},{\"@type\":\"ListItem\",\"position\":2,\"name\":\"Boutique\",\"item\":\"https:\\\/\\\/www.skand-rock.com\\\/shop\\\/\"},{\"@type\":\"ListItem\",\"position\":3,\"name\":\"Mug &#8211; Bulle #3 &#8211; RESILIENCE\"}]},{\"@type\":\"WebSite\",\"@id\":\"https:\\\/\\\/www.skand-rock.com\\\/shop\\\/#website\",\"url\":\"https:\\\/\\\/www.skand-rock.com\\\/shop\\\/\",\"name\":\"SKAND SHOP\",\"description\":\"LA BOUTIQUE DES SKANDERS\",\"publisher\":{\"@id\":\"https:\\\/\\\/www.skand-rock.com\\\/shop\\\/#organization\"},\"potentialAction\":[{\"@type\":\"SearchAction\",\"target\":{\"@type\":\"EntryPoint\",\"urlTemplate\":\"https:\\\/\\\/www.skand-rock.com\\\/shop\\\/?s={search_term_string}\"},\"query-input\":{\"@type\":\"PropertyValueSpecification\",\"valueRequired\":true,\"valueName\":\"search_term_string\"}}],\"inLanguage\":\"fr-FR\"},{\"@type\":\"Organization\",\"@id\":\"https:\\\/\\\/www.skand-rock.com\\\/shop\\\/#organization\",\"name\":\"SKAND SHOP\",\"url\":\"https:\\\/\\\/www.skand-rock.com\\\/shop\\\/\",\"logo\":{\"@type\":\"ImageObject\",\"inLanguage\":\"fr-FR\",\"@id\":\"https:\\\/\\\/www.skand-rock.com\\\/shop\\\/#\\\/schema\\\/logo\\\/image\\\/\",\"url\":\"https:\\\/\\\/www.skand-rock.com\\\/shop\\\/wp-content\\\/uploads\\\/2020\\\/11\\\/logo-boutique.png\",\"contentUrl\":\"https:\\\/\\\/www.skand-rock.com\\\/shop\\\/wp-content\\\/uploads\\\/2020\\\/11\\\/logo-boutique.png\",\"width\":978,\"height\":490,\"caption\":\"SKAND SHOP\"},\"image\":{\"@id\":\"https:\\\/\\\/www.skand-rock.com\\\/shop\\\/#\\\/schema\\\/logo\\\/image\\\/\"}}]}<\/script>\n<!-- \/ Yoast SEO plugin. -->","yoast_head_json":{"title":"Mug - Bulle #3 - RESILIENCE - SKAND SHOP","robots":{"index":"index","follow":"follow","max-snippet":"max-snippet:-1","max-image-preview":"max-image-preview:large","max-video-preview":"max-video-preview:-1"},"canonical":"https:\/\/www.skand-rock.com\/shop\/produit\/mug-bulle-3-resilience\/","og_locale":"fr_FR","og_type":"article","og_title":"Mug - Bulle #3 - RESILIENCE - SKAND SHOP","og_description":"Un mug avec votre Bulle pr\u00e9f\u00e9r\u00e9e pour PRENDRE LE TEMPS...   Livraison moyenne sous 4 \u00e0 8 jours  Paiement s\u00e9curis\u00e9 par CB ou Paypal","og_url":"https:\/\/www.skand-rock.com\/shop\/produit\/mug-bulle-3-resilience\/","og_site_name":"SKAND SHOP","article_modified_time":"2020-11-22T22:08:01+00:00","og_image":[{"width":1000,"height":1000,"url":"https:\/\/www.skand-rock.com\/shop\/wp-content\/uploads\/2020\/11\/mockup-1d99745c.jpg","type":"image\/jpeg"}],"twitter_card":"summary_large_image","schema":{"@context":"https:\/\/schema.org","@graph":[{"@type":"WebPage","@id":"https:\/\/www.skand-rock.com\/shop\/produit\/mug-bulle-3-resilience\/","url":"https:\/\/www.skand-rock.com\/shop\/produit\/mug-bulle-3-resilience\/","name":"Mug - Bulle #3 - RESILIENCE - SKAND SHOP","isPartOf":{"@id":"https:\/\/www.skand-rock.com\/shop\/#website"},"primaryImageOfPage":{"@id":"https:\/\/www.skand-rock.com\/shop\/produit\/mug-bulle-3-resilience\/#primaryimage"},"image":{"@id":"https:\/\/www.skand-rock.com\/shop\/produit\/mug-bulle-3-resilience\/#primaryimage"},"thumbnailUrl":"https:\/\/www.skand-rock.com\/shop\/wp-content\/uploads\/2020\/11\/mockup-1d99745c.jpg","datePublished":"2020-11-22T22:05:35+00:00","dateModified":"2020-11-22T22:08:01+00:00","breadcrumb":{"@id":"https:\/\/www.skand-rock.com\/shop\/produit\/mug-bulle-3-resilience\/#breadcrumb"},"inLanguage":"fr-FR","potentialAction":[{"@type":"ReadAction","target":["https:\/\/www.skand-rock.com\/shop\/produit\/mug-bulle-3-resilience\/"]}]},{"@type":"ImageObject","inLanguage":"fr-FR","@id":"https:\/\/www.skand-rock.com\/shop\/produit\/mug-bulle-3-resilience\/#primaryimage","url":"https:\/\/www.skand-rock.com\/shop\/wp-content\/uploads\/2020\/11\/mockup-1d99745c.jpg","contentUrl":"https:\/\/www.skand-rock.com\/shop\/wp-content\/uploads\/2020\/11\/mockup-1d99745c.jpg","width":1000,"height":1000},{"@type":"BreadcrumbList","@id":"https:\/\/www.skand-rock.com\/shop\/produit\/mug-bulle-3-resilience\/#breadcrumb","itemListElement":[{"@type":"ListItem","position":1,"name":"Accueil","item":"https:\/\/www.skand-rock.com\/shop\/"},{"@type":"ListItem","position":2,"name":"Boutique","item":"https:\/\/www.skand-rock.com\/shop\/"},{"@type":"ListItem","position":3,"name":"Mug &#8211; Bulle #3 &#8211; RESILIENCE"}]},{"@type":"WebSite","@id":"https:\/\/www.skand-rock.com\/shop\/#website","url":"https:\/\/www.skand-rock.com\/shop\/","name":"SKAND SHOP","description":"LA BOUTIQUE DES SKANDERS","publisher":{"@id":"https:\/\/www.skand-rock.com\/shop\/#organization"},"potentialAction":[{"@type":"SearchAction","target":{"@type":"EntryPoint","urlTemplate":"https:\/\/www.skand-rock.com\/shop\/?s={search_term_string}"},"query-input":{"@type":"PropertyValueSpecification","valueRequired":true,"valueName":"search_term_string"}}],"inLanguage":"fr-FR"},{"@type":"Organization","@id":"https:\/\/www.skand-rock.com\/shop\/#organization","name":"SKAND SHOP","url":"https:\/\/www.skand-rock.com\/shop\/","logo":{"@type":"ImageObject","inLanguage":"fr-FR","@id":"https:\/\/www.skand-rock.com\/shop\/#\/schema\/logo\/image\/","url":"https:\/\/www.skand-rock.com\/shop\/wp-content\/uploads\/2020\/11\/logo-boutique.png","contentUrl":"https:\/\/www.skand-rock.com\/shop\/wp-content\/uploads\/2020\/11\/logo-boutique.png","width":978,"height":490,"caption":"SKAND SHOP"},"image":{"@id":"https:\/\/www.skand-rock.com\/shop\/#\/schema\/logo\/image\/"}}]}},"_links":{"self":[{"href":"https:\/\/www.skand-rock.com\/shop\/wp-json\/wp\/v2\/product\/188","targetHints":{"allow":["GET"]}}],"collection":[{"href":"https:\/\/www.skand-rock.com\/shop\/wp-json\/wp\/v2\/product"}],"about":[{"href":"https:\/\/www.skand-rock.com\/shop\/wp-json\/wp\/v2\/types\/product"}],"wp:featuredmedia":[{"embeddable":true,"href":"https:\/\/www.skand-rock.com\/shop\/wp-json\/wp\/v2\/media\/189"}],"wp:attachment":[{"href":"https:\/\/www.skand-rock.com\/shop\/wp-json\/wp\/v2\/media?parent=188"}],"wp:term":[{"taxonomy":"product_brand","embeddable":true,"href":"https:\/\/www.skand-rock.com\/shop\/wp-json\/wp\/v2\/product_brand?post=188"},{"taxonomy":"product_cat","embeddable":true,"href":"https:\/\/www.skand-rock.com\/shop\/wp-json\/wp\/v2\/product_cat?post=188"},{"taxonomy":"product_tag","embeddable":true,"href":"https:\/\/www.skand-rock.com\/shop\/wp-json\/wp\/v2\/product_tag?post=188"}],"curies":[{"name":"wp","href":"https:\/\/api.w.org\/{rel}","templated":true}]}}